{"id":890,"date":"2024-11-14T14:29:14","date_gmt":"2024-11-14T13:29:14","guid":{"rendered":"https:\/\/ccdsa.ch\/?page_id=890"},"modified":"2024-12-20T07:51:33","modified_gmt":"2024-12-20T06:51:33","slug":"mulch","status":"publish","type":"page","link":"https:\/\/ccdsa.ch\/de\/mulch\/","title":{"rendered":"Mulch"},"content":{"rendered":"<p>[et_pb_section fb_built=&#8221;1&#8243; _builder_version=&#8221;4.23.1&#8243; _module_preset=&#8221;default&#8221; bottom_divider_color=&#8221;#025E8F&#8221; bottom_divider_height=&#8221;10px&#8221; global_colors_info=&#8221;{}&#8221;][et_pb_row _builder_version=&#8221;4.23.1&#8243; _module_preset=&#8221;default&#8221; global_colors_info=&#8221;{}&#8221;][et_pb_column type=&#8221;4_4&#8243; _builder_version=&#8221;4.23.1&#8243; _module_preset=&#8221;default&#8221; global_colors_info=&#8221;{}&#8221;][et_pb_text _builder_version=&#8221;4.23.1&#8243; _module_preset=&#8221;default&#8221; header_text_align=&#8221;center&#8221; header_text_color=&#8221;#035E8F&#8221; global_colors_info=&#8221;{}&#8221;]<\/p>\n<h1>Mulch<\/h1>\n<p>[\/et_pb_text][\/et_pb_column][\/et_pb_row][et_pb_row module_id=&#8221;elevage&#8221; _builder_version=&#8221;4.23.1&#8243; _module_preset=&#8221;default&#8221; global_colors_info=&#8221;{}&#8221;][et_pb_column type=&#8221;4_4&#8243; _builder_version=&#8221;4.23.1&#8243; _module_preset=&#8221;default&#8221; global_colors_info=&#8221;{}&#8221;][et_pb_text _builder_version=&#8221;4.23.1&#8243; _module_preset=&#8221;default&#8221; global_colors_info=&#8221;{}&#8221;]<\/p>\n<h2>Schwarze Plastikfolie<\/h2>\n<p>[\/et_pb_text][\/et_pb_column][\/et_pb_row][et_pb_row _builder_version=&#8221;4.27.2&#8243; _module_preset=&#8221;default&#8221; custom_margin=&#8221;||||false|false&#8221; global_colors_info=&#8221;{}&#8221;][et_pb_column type=&#8221;4_4&#8243; _builder_version=&#8221;4.23.1&#8243; _module_preset=&#8221;default&#8221; global_colors_info=&#8221;{}&#8221;][et_pb_text _builder_version=&#8221;4.27.2&#8243; _module_preset=&#8221;default&#8221; global_colors_info=&#8221;{}&#8221;]<\/p>\n<p>Wir vertreiben verschiedene Arten von schwarzer Folie zum Mulchen von Kulturen (Erdbeere, Salat, Tomate, Weing\u00e4rtnerei, \u2026) . Mit oder ohne Lochung.<\/p>\n<p>[\/et_pb_text][\/et_pb_column][\/et_pb_row][\/et_pb_section][et_pb_section fb_built=&#8221;1&#8243; module_id=&#8221;hygiene&#8221; _builder_version=&#8221;4.23.1&#8243; _module_preset=&#8221;default&#8221; border_width_top=&#8221;3px&#8221; border_color_top=&#8221;#035E8F&#8221; global_colors_info=&#8221;{}&#8221;][et_pb_row _builder_version=&#8221;4.23.1&#8243; _module_preset=&#8221;default&#8221; global_colors_info=&#8221;{}&#8221;][et_pb_column type=&#8221;4_4&#8243; _builder_version=&#8221;4.23.1&#8243; _module_preset=&#8221;default&#8221; global_colors_info=&#8221;{}&#8221;][et_pb_text _builder_version=&#8221;4.23.1&#8243; _module_preset=&#8221;default&#8221; global_colors_info=&#8221;{}&#8221;]<\/p>\n<h2>Gewebter Film<\/h2>\n<p>[\/et_pb_text][\/et_pb_column][\/et_pb_row][et_pb_row _builder_version=&#8221;4.23.1&#8243; _module_preset=&#8221;default&#8221; custom_margin=&#8221;-33px|auto||auto||&#8221; global_colors_info=&#8221;{}&#8221;][et_pb_column type=&#8221;4_4&#8243; _builder_version=&#8221;4.23.1&#8243; _module_preset=&#8221;default&#8221; global_colors_info=&#8221;{}&#8221;][et_pb_text _builder_version=&#8221;4.27.2&#8243; _module_preset=&#8221;default&#8221; custom_padding=&#8221;||0px|||&#8221; global_colors_info=&#8221;{}&#8221;]<\/p>\n<p>Paillage tiss\u00e9 pour recouvrement de sol. <\/p>\n<p>[\/et_pb_text][\/et_pb_column][\/et_pb_row][\/et_pb_section][et_pb_section fb_built=&#8221;1&#8243; module_id=&#8221;irrigation&#8221; _builder_version=&#8221;4.23.1&#8243; _module_preset=&#8221;default&#8221; border_width_top=&#8221;3px&#8221; border_color_top=&#8221;#035E8F&#8221; global_colors_info=&#8221;{}&#8221;][et_pb_row _builder_version=&#8221;4.23.1&#8243; _module_preset=&#8221;default&#8221; global_colors_info=&#8221;{}&#8221;][et_pb_column type=&#8221;4_4&#8243; _builder_version=&#8221;4.23.1&#8243; _module_preset=&#8221;default&#8221; global_colors_info=&#8221;{}&#8221;][et_pb_text _builder_version=&#8221;4.23.1&#8243; _module_preset=&#8221;default&#8221; global_colors_info=&#8221;{}&#8221;]<\/p>\n<h2>Thermische Abdeckung f\u00fcr Spargel<\/h2>\n<p>[\/et_pb_text][\/et_pb_column][\/et_pb_row][et_pb_row column_structure=&#8221;1_2,1_2&#8243; _builder_version=&#8221;4.27.2&#8243; _module_preset=&#8221;default&#8221; border_radii=&#8221;on|15px|15px|15px|15px&#8221; global_colors_info=&#8221;{}&#8221;][et_pb_column type=&#8221;1_2&#8243; _builder_version=&#8221;4.27.0&#8243; _module_preset=&#8221;default&#8221; global_colors_info=&#8221;{}&#8221;][et_pb_image src=&#8221;https:\/\/ccdsa.ch\/wp-content\/uploads\/2024\/11\/Sans-titre-1024&#215;740.png&#8221; title_text=&#8221;Asperge&#8221; _builder_version=&#8221;4.27.2&#8243; _module_preset=&#8221;default&#8221; border_radii=&#8221;on|15px|15px|15px|15px&#8221; global_colors_info=&#8221;{}&#8221;][\/et_pb_image][\/et_pb_column][et_pb_column type=&#8221;1_2&#8243; _builder_version=&#8221;4.27.0&#8243; _module_preset=&#8221;default&#8221; global_colors_info=&#8221;{}&#8221;][et_pb_image src=&#8221;https:\/\/ccdsa.ch\/wp-content\/uploads\/2024\/11\/variete-1-darzila-282&#215;300.jpg&#8221; title_text=&#8221;vari\u00e9t\u00e9 1 darzila&#8221; _builder_version=&#8221;4.27.2&#8243; _module_preset=&#8221;default&#8221; border_radii=&#8221;on|15px|15px|15px|15px&#8221; global_colors_info=&#8221;{}&#8221;][\/et_pb_image][\/et_pb_column][\/et_pb_row][\/et_pb_section][et_pb_section fb_built=&#8221;1&#8243; module_id=&#8221;aspersion&#8221; _builder_version=&#8221;4.23.1&#8243; _module_preset=&#8221;default&#8221; bottom_divider_color=&#8221;#025E8F&#8221; bottom_divider_height=&#8221;10px&#8221; border_width_top=&#8221;3px&#8221; border_color_top=&#8221;#035E8F&#8221; global_colors_info=&#8221;{}&#8221;][et_pb_row _builder_version=&#8221;4.23.1&#8243; _module_preset=&#8221;default&#8221; global_colors_info=&#8221;{}&#8221;][et_pb_column type=&#8221;4_4&#8243; _builder_version=&#8221;4.23.1&#8243; _module_preset=&#8221;default&#8221; global_colors_info=&#8221;{}&#8221;][et_pb_text _builder_version=&#8221;4.23.1&#8243; _module_preset=&#8221;default&#8221; global_colors_info=&#8221;{}&#8221;]<\/p>\n<h2>Duravigne<\/h2>\n<p>[\/et_pb_text][\/et_pb_column][\/et_pb_row][et_pb_row make_equal=&#8221;on&#8221; module_id=&#8221;arrosage&#8221; _builder_version=&#8221;4.23.1&#8243; _module_preset=&#8221;default&#8221; global_colors_info=&#8221;{}&#8221;][et_pb_column type=&#8221;4_4&#8243; _builder_version=&#8221;4.23.1&#8243; _module_preset=&#8221;default&#8221; custom_css_main_element=&#8221;margin:auto;&#8221; global_colors_info=&#8221;{}&#8221; custom_css_main_element_last_edited=&#8221;on|tablet&#8221; custom_css_main_element_tablet=&#8221;margin-bottom:20px;&#8221; custom_css_main_element_phone=&#8221;margin-bottom:20px;&#8221;][et_pb_text _builder_version=&#8221;4.27.2&#8243; _module_preset=&#8221;default&#8221; header_3_text_color=&#8221;#035E8F&#8221; custom_padding=&#8221;||0px|||&#8221; global_colors_info=&#8221;{}&#8221;]<\/p>\n<p style=\"font-weight: 400;\"> DURAVIGNE ist ein gewebtes Tuch, das aus Maisst\u00e4rke gewonnen wird.<\/p>\n<p>100% nat\u00fcrlich, Alternative zur Unkrautvernichtung, luft- und wasserdurchl\u00e4ssig, sehr widerstandsf\u00e4hig, unauff\u00e4llige Farbe, Lebensdauer 10 Jahre oder mehr, in der Industrie kompostierbar.<\/p>\n<p>Largeur : 0.4 m<\/p>\n<p>[\/et_pb_text][\/et_pb_column][\/et_pb_row][et_pb_row column_structure=&#8221;1_2,1_2&#8243; _builder_version=&#8221;4.27.2&#8243; _module_preset=&#8221;default&#8221; global_colors_info=&#8221;{}&#8221;][et_pb_column type=&#8221;1_2&#8243; _builder_version=&#8221;4.27.2&#8243; _module_preset=&#8221;default&#8221; global_colors_info=&#8221;{}&#8221;][et_pb_image src=&#8221;https:\/\/ccdsa.ch\/wp-content\/uploads\/2024\/11\/Duravigne-Lausanne-1024&#215;768.jpg&#8221; title_text=&#8221;Duravigne Lausanne&#8221; _builder_version=&#8221;4.27.2&#8243; _module_preset=&#8221;default&#8221; border_radii=&#8221;on|15px|15px|15px|15px&#8221; global_colors_info=&#8221;{}&#8221;][\/et_pb_image][\/et_pb_column][et_pb_column type=&#8221;1_2&#8243; _builder_version=&#8221;4.27.2&#8243; _module_preset=&#8221;default&#8221; global_colors_info=&#8221;{}&#8221;][et_pb_image src=&#8221;https:\/\/ccdsa.ch\/wp-content\/uploads\/2024\/11\/Duravigne-3-576&#215;1024.jpg&#8221; title_text=&#8221;Duravigne (3)&#8221; _builder_version=&#8221;4.27.2&#8243; _module_preset=&#8221;default&#8221; border_radii=&#8221;on|15px|15px|15px|15px&#8221; global_colors_info=&#8221;{}&#8221;][\/et_pb_image][\/et_pb_column][\/et_pb_row][\/et_pb_section]<\/p>\n","protected":false},"excerpt":{"rendered":"<p>MulchSchwarze PlastikfolieWir vertreiben verschiedene Arten von schwarzer Folie zum Mulchen von Kulturen (Erdbeere, Salat, Tomate, Weing\u00e4rtnerei, \u2026) . Mit oder ohne Lochung.Gewebter FilmPaillage tiss\u00e9 pour recouvrement de sol. Thermische Abdeckung f\u00fcr SpargelDuravigne DURAVIGNE ist ein gewebtes Tuch, das aus Maisst\u00e4rke gewonnen wird. 100% nat\u00fcrlich, Alternative zur Unkrautvernichtung, luft- und wasserdurchl\u00e4ssig, sehr widerstandsf\u00e4hig, unauff\u00e4llige Farbe, Lebensdauer [&hellip;]<\/p>\n","protected":false},"author":2,"featured_media":0,"parent":0,"menu_order":0,"comment_status":"closed","ping_status":"closed","template":"","meta":{"_et_pb_use_builder":"on","_et_pb_old_content":"","_et_gb_content_width":"","footnotes":""},"class_list":["post-890","page","type-page","status-publish","hentry"],"yoast_head":"<!-- This site is optimized with the Yoast SEO plugin v27.3 - https:\/\/yoast.com\/product\/yoast-seo-wordpress\/ -->\n<title>Mulch - CCD SA<\/title>\n<meta name=\"robots\" content=\"index, follow, max-snippet:-1, max-image-preview:large, max-video-preview:-1\" \/>\n<link rel=\"canonical\" href=\"https:\/\/ccdsa.ch\/de\/mulch\/\" \/>\n<meta property=\"og:locale\" content=\"de_DE\" \/>\n<meta property=\"og:type\" content=\"article\" \/>\n<meta property=\"og:title\" content=\"Mulch - CCD SA\" \/>\n<meta property=\"og:description\" content=\"MulchSchwarze PlastikfolieWir vertreiben verschiedene Arten von schwarzer Folie zum Mulchen von Kulturen (Erdbeere, Salat, Tomate, Weing\u00e4rtnerei, \u2026) . Mit oder ohne Lochung.Gewebter FilmPaillage tiss\u00e9 pour recouvrement de sol. Thermische Abdeckung f\u00fcr SpargelDuravigne DURAVIGNE ist ein gewebtes Tuch, das aus Maisst\u00e4rke gewonnen wird. 100% nat\u00fcrlich, Alternative zur Unkrautvernichtung, luft- und wasserdurchl\u00e4ssig, sehr widerstandsf\u00e4hig, unauff\u00e4llige Farbe, Lebensdauer [&hellip;]\" \/>\n<meta property=\"og:url\" content=\"https:\/\/ccdsa.ch\/de\/mulch\/\" \/>\n<meta property=\"og:site_name\" content=\"CCD SA\" \/>\n<meta property=\"article:modified_time\" content=\"2024-12-20T06:51:33+00:00\" \/>\n<meta property=\"og:image\" content=\"https:\/\/ccdsa.ch\/wp-content\/uploads\/2024\/11\/logo-ccdsa.png\" \/>\n\t<meta property=\"og:image:width\" content=\"1200\" \/>\n\t<meta property=\"og:image:height\" content=\"675\" \/>\n\t<meta property=\"og:image:type\" content=\"image\/png\" \/>\n<meta name=\"twitter:card\" content=\"summary_large_image\" \/>\n<meta name=\"twitter:label1\" content=\"Gesch\u00e4tzte Lesezeit\" \/>\n\t<meta name=\"twitter:data1\" content=\"4\u00a0Minuten\" \/>\n<script type=\"application\/ld+json\" class=\"yoast-schema-graph\">{\"@context\":\"https:\\\/\\\/schema.org\",\"@graph\":[{\"@type\":\"WebPage\",\"@id\":\"https:\\\/\\\/ccdsa.ch\\\/de\\\/mulch\\\/\",\"url\":\"https:\\\/\\\/ccdsa.ch\\\/de\\\/mulch\\\/\",\"name\":\"Mulch - CCD SA\",\"isPartOf\":{\"@id\":\"https:\\\/\\\/ccdsa.ch\\\/de\\\/#website\"},\"datePublished\":\"2024-11-14T13:29:14+00:00\",\"dateModified\":\"2024-12-20T06:51:33+00:00\",\"breadcrumb\":{\"@id\":\"https:\\\/\\\/ccdsa.ch\\\/de\\\/mulch\\\/#breadcrumb\"},\"inLanguage\":\"de\",\"potentialAction\":[{\"@type\":\"ReadAction\",\"target\":[\"https:\\\/\\\/ccdsa.ch\\\/de\\\/mulch\\\/\"]}]},{\"@type\":\"BreadcrumbList\",\"@id\":\"https:\\\/\\\/ccdsa.ch\\\/de\\\/mulch\\\/#breadcrumb\",\"itemListElement\":[{\"@type\":\"ListItem\",\"position\":1,\"name\":\"Accueil\",\"item\":\"https:\\\/\\\/ccdsa.ch\\\/de\\\/\"},{\"@type\":\"ListItem\",\"position\":2,\"name\":\"Mulch\"}]},{\"@type\":\"WebSite\",\"@id\":\"https:\\\/\\\/ccdsa.ch\\\/de\\\/#website\",\"url\":\"https:\\\/\\\/ccdsa.ch\\\/de\\\/\",\"name\":\"CCD SA\",\"description\":\"\",\"publisher\":{\"@id\":\"https:\\\/\\\/ccdsa.ch\\\/de\\\/#organization\"},\"potentialAction\":[{\"@type\":\"SearchAction\",\"target\":{\"@type\":\"EntryPoint\",\"urlTemplate\":\"https:\\\/\\\/ccdsa.ch\\\/de\\\/?s={search_term_string}\"},\"query-input\":{\"@type\":\"PropertyValueSpecification\",\"valueRequired\":true,\"valueName\":\"search_term_string\"}}],\"inLanguage\":\"de\"},{\"@type\":\"Organization\",\"@id\":\"https:\\\/\\\/ccdsa.ch\\\/de\\\/#organization\",\"name\":\"CCD SA\",\"url\":\"https:\\\/\\\/ccdsa.ch\\\/de\\\/\",\"logo\":{\"@type\":\"ImageObject\",\"inLanguage\":\"de\",\"@id\":\"https:\\\/\\\/ccdsa.ch\\\/de\\\/#\\\/schema\\\/logo\\\/image\\\/\",\"url\":\"https:\\\/\\\/ccdsa.ch\\\/wp-content\\\/uploads\\\/2024\\\/11\\\/logo-ccdsa.png\",\"contentUrl\":\"https:\\\/\\\/ccdsa.ch\\\/wp-content\\\/uploads\\\/2024\\\/11\\\/logo-ccdsa.png\",\"width\":1200,\"height\":675,\"caption\":\"CCD SA\"},\"image\":{\"@id\":\"https:\\\/\\\/ccdsa.ch\\\/de\\\/#\\\/schema\\\/logo\\\/image\\\/\"}}]}<\/script>\n<!-- \/ Yoast SEO plugin. -->","yoast_head_json":{"title":"Mulch - CCD SA","robots":{"index":"index","follow":"follow","max-snippet":"max-snippet:-1","max-image-preview":"max-image-preview:large","max-video-preview":"max-video-preview:-1"},"canonical":"https:\/\/ccdsa.ch\/de\/mulch\/","og_locale":"de_DE","og_type":"article","og_title":"Mulch - CCD SA","og_description":"MulchSchwarze PlastikfolieWir vertreiben verschiedene Arten von schwarzer Folie zum Mulchen von Kulturen (Erdbeere, Salat, Tomate, Weing\u00e4rtnerei, \u2026) . Mit oder ohne Lochung.Gewebter FilmPaillage tiss\u00e9 pour recouvrement de sol. Thermische Abdeckung f\u00fcr SpargelDuravigne DURAVIGNE ist ein gewebtes Tuch, das aus Maisst\u00e4rke gewonnen wird. 100% nat\u00fcrlich, Alternative zur Unkrautvernichtung, luft- und wasserdurchl\u00e4ssig, sehr widerstandsf\u00e4hig, unauff\u00e4llige Farbe, Lebensdauer [&hellip;]","og_url":"https:\/\/ccdsa.ch\/de\/mulch\/","og_site_name":"CCD SA","article_modified_time":"2024-12-20T06:51:33+00:00","og_image":[{"width":1200,"height":675,"url":"https:\/\/ccdsa.ch\/wp-content\/uploads\/2024\/11\/logo-ccdsa.png","type":"image\/png"}],"twitter_card":"summary_large_image","twitter_misc":{"Gesch\u00e4tzte Lesezeit":"4\u00a0Minuten"},"schema":{"@context":"https:\/\/schema.org","@graph":[{"@type":"WebPage","@id":"https:\/\/ccdsa.ch\/de\/mulch\/","url":"https:\/\/ccdsa.ch\/de\/mulch\/","name":"Mulch - CCD SA","isPartOf":{"@id":"https:\/\/ccdsa.ch\/de\/#website"},"datePublished":"2024-11-14T13:29:14+00:00","dateModified":"2024-12-20T06:51:33+00:00","breadcrumb":{"@id":"https:\/\/ccdsa.ch\/de\/mulch\/#breadcrumb"},"inLanguage":"de","potentialAction":[{"@type":"ReadAction","target":["https:\/\/ccdsa.ch\/de\/mulch\/"]}]},{"@type":"BreadcrumbList","@id":"https:\/\/ccdsa.ch\/de\/mulch\/#breadcrumb","itemListElement":[{"@type":"ListItem","position":1,"name":"Accueil","item":"https:\/\/ccdsa.ch\/de\/"},{"@type":"ListItem","position":2,"name":"Mulch"}]},{"@type":"WebSite","@id":"https:\/\/ccdsa.ch\/de\/#website","url":"https:\/\/ccdsa.ch\/de\/","name":"CCD SA","description":"","publisher":{"@id":"https:\/\/ccdsa.ch\/de\/#organization"},"potentialAction":[{"@type":"SearchAction","target":{"@type":"EntryPoint","urlTemplate":"https:\/\/ccdsa.ch\/de\/?s={search_term_string}"},"query-input":{"@type":"PropertyValueSpecification","valueRequired":true,"valueName":"search_term_string"}}],"inLanguage":"de"},{"@type":"Organization","@id":"https:\/\/ccdsa.ch\/de\/#organization","name":"CCD SA","url":"https:\/\/ccdsa.ch\/de\/","logo":{"@type":"ImageObject","inLanguage":"de","@id":"https:\/\/ccdsa.ch\/de\/#\/schema\/logo\/image\/","url":"https:\/\/ccdsa.ch\/wp-content\/uploads\/2024\/11\/logo-ccdsa.png","contentUrl":"https:\/\/ccdsa.ch\/wp-content\/uploads\/2024\/11\/logo-ccdsa.png","width":1200,"height":675,"caption":"CCD SA"},"image":{"@id":"https:\/\/ccdsa.ch\/de\/#\/schema\/logo\/image\/"}}]}},"_links":{"self":[{"href":"https:\/\/ccdsa.ch\/de\/wp-json\/wp\/v2\/pages\/890","targetHints":{"allow":["GET"]}}],"collection":[{"href":"https:\/\/ccdsa.ch\/de\/wp-json\/wp\/v2\/pages"}],"about":[{"href":"https:\/\/ccdsa.ch\/de\/wp-json\/wp\/v2\/types\/page"}],"author":[{"embeddable":true,"href":"https:\/\/ccdsa.ch\/de\/wp-json\/wp\/v2\/users\/2"}],"replies":[{"embeddable":true,"href":"https:\/\/ccdsa.ch\/de\/wp-json\/wp\/v2\/comments?post=890"}],"version-history":[{"count":5,"href":"https:\/\/ccdsa.ch\/de\/wp-json\/wp\/v2\/pages\/890\/revisions"}],"predecessor-version":[{"id":1123,"href":"https:\/\/ccdsa.ch\/de\/wp-json\/wp\/v2\/pages\/890\/revisions\/1123"}],"wp:attachment":[{"href":"https:\/\/ccdsa.ch\/de\/wp-json\/wp\/v2\/media?parent=890"}],"curies":[{"name":"wp","href":"https:\/\/api.w.org\/{rel}","templated":true}]}}