{"id":829,"date":"2024-01-12T10:34:10","date_gmt":"2024-01-12T09:34:10","guid":{"rendered":"https:\/\/ccdsa.ch\/waschplatz\/"},"modified":"2024-11-15T14:09:08","modified_gmt":"2024-11-15T13:09:08","slug":"waschplatz","status":"publish","type":"page","link":"https:\/\/ccdsa.ch\/de\/waschplatz\/","title":{"rendered":"Waschplatz"},"content":{"rendered":"<p>[et_pb_section fb_built=&#8221;1&#8243; _builder_version=&#8221;4.23.1&#8243; _module_preset=&#8221;default&#8221; bottom_divider_color=&#8221;#025E8F&#8221; bottom_divider_height=&#8221;10px&#8221; global_colors_info=&#8221;{}&#8221;][et_pb_row _builder_version=&#8221;4.23.1&#8243; _module_preset=&#8221;default&#8221; global_colors_info=&#8221;{}&#8221;][et_pb_column type=&#8221;4_4&#8243; _builder_version=&#8221;4.23.1&#8243; _module_preset=&#8221;default&#8221; global_colors_info=&#8221;{}&#8221;][et_pb_text _builder_version=&#8221;4.23.1&#8243; _module_preset=&#8221;default&#8221; header_text_align=&#8221;center&#8221; header_text_color=&#8221;#035E8F&#8221; global_colors_info=&#8221;{}&#8221;]<\/p>\n<h1>Waschplatz<\/h1>\n<p>[\/et_pb_text][\/et_pb_column][\/et_pb_row][et_pb_row module_id=&#8221;effluents&#8221; _builder_version=&#8221;4.23.1&#8243; _module_preset=&#8221;default&#8221; global_colors_info=&#8221;{}&#8221;][et_pb_column type=&#8221;4_4&#8243; _builder_version=&#8221;4.23.1&#8243; _module_preset=&#8221;default&#8221; global_colors_info=&#8221;{}&#8221;][et_pb_text _builder_version=&#8221;4.23.1&#8243; _module_preset=&#8221;default&#8221; global_colors_info=&#8221;{}&#8221;]<\/p>\n<h2>Behandlung von Abw\u00e4ssern<\/h2>\n<p>[\/et_pb_text][\/et_pb_column][\/et_pb_row][et_pb_row column_structure=&#8221;2_3,1_3&#8243; make_equal=&#8221;on&#8221; module_id=&#8221;brumisation&#8221; _builder_version=&#8221;4.23.1&#8243; _module_preset=&#8221;default&#8221; global_colors_info=&#8221;{}&#8221;][et_pb_column type=&#8221;2_3&#8243; _builder_version=&#8221;4.23.1&#8243; _module_preset=&#8221;default&#8221; custom_css_main_element=&#8221;margin:auto;&#8221; global_colors_info=&#8221;{}&#8221; custom_css_main_element_last_edited=&#8221;on|tablet&#8221; custom_css_main_element_tablet=&#8221;margin-bottom:20px;&#8221; custom_css_main_element_phone=&#8221;margin-bottom:20px;&#8221;][et_pb_text _builder_version=&#8221;4.23.1&#8243; _module_preset=&#8221;default&#8221; header_3_text_color=&#8221;#035E8F&#8221; global_colors_info=&#8221;{}&#8221;]<\/p>\n<h3>Biobed<\/h3>\n<p style=\"font-weight: 400;\">Nach einer Pflanzenschutzma\u00dfnahme fallen 120 bis 150 l verschmutztes Wasser aus dem Waschen der Spritzger\u00e4te (Traktor und Spritze) an. Je nach Gr\u00f6\u00dfe des Betriebs kann dies zu einem Abwasseraufkommen von 1000 bis 3000 l pro Saison f\u00fchren. Diese Abw\u00e4sser werden als Sonderm\u00fcll betrachtet und d\u00fcrfen nicht in das Abwassersystem eingeleitet werden, sondern m\u00fcssen als solche behandelt werden.  <\/p>\n<p style=\"font-weight: 400;\">\n<p style=\"font-weight: 400;\">Die Abw\u00e4sser werden auf einem Substrat adsorbiert, das aus Erde, Kompost und geh\u00e4ckseltem Stroh besteht. Das Biobed sorgt f\u00fcr einen biologischen Abbau der synthetischen Molek\u00fcle, w\u00e4hrend das Wasser auf seiner Oberfl\u00e4che verdunstet. <\/p>\n<p>[\/et_pb_text][\/et_pb_column][et_pb_column type=&#8221;1_3&#8243; _builder_version=&#8221;4.23.1&#8243; _module_preset=&#8221;default&#8221; custom_css_main_element=&#8221;margin:auto;&#8221; global_colors_info=&#8221;{}&#8221; custom_css_main_element_last_edited=&#8221;on|tablet&#8221; custom_css_main_element_tablet=&#8221;margin-bottom:20px;&#8221; custom_css_main_element_phone=&#8221;margin-bottom:20px;&#8221;][et_pb_image src=&#8221;https:\/\/ccdsa.ch\/wp-content\/uploads\/2024\/10\/Daval-979&#215;1024.jpg&#8221; title_text=&#8221;Daval&#8221; _builder_version=&#8221;4.27.2&#8243; _module_preset=&#8221;default&#8221; hover_enabled=&#8221;0&#8243; global_colors_info=&#8221;{}&#8221; border_radii=&#8221;on|15px|15px|15px|15px&#8221; sticky_enabled=&#8221;0&#8243;][\/et_pb_image][\/et_pb_column][\/et_pb_row][et_pb_row make_equal=&#8221;on&#8221; module_id=&#8221;brumisation&#8221; _builder_version=&#8221;4.27.0&#8243; _module_preset=&#8221;default&#8221; custom_padding=&#8221;||||false|false&#8221; global_colors_info=&#8221;{}&#8221;][et_pb_column type=&#8221;4_4&#8243; _builder_version=&#8221;4.23.1&#8243; _module_preset=&#8221;default&#8221; custom_css_main_element=&#8221;margin:auto;&#8221; global_colors_info=&#8221;{}&#8221; custom_css_main_element_last_edited=&#8221;on|tablet&#8221; custom_css_main_element_tablet=&#8221;margin-bottom:20px;&#8221; custom_css_main_element_phone=&#8221;margin-bottom:20px;&#8221;][et_pb_text _builder_version=&#8221;4.23.1&#8243; _module_preset=&#8221;default&#8221; header_3_text_color=&#8221;#035E8F&#8221; custom_padding=&#8221;0px|||||&#8221; global_colors_info=&#8221;{}&#8221;]<\/p>\n<h3>Ecobang<\/h3>\n<p style=\"font-weight: 400;\">Der Ecobang erm\u00f6glicht die Verdunstung des in einer 900- oder 1400-Liter-Palettenkiste enthaltenen Abwassers. Er wurde f\u00fcr Landwirte entwickelt, die weniger als 4000 Liter Pflanzenschutzmittelabw\u00e4sser pro Jahr erzeugen, nach einer kosteng\u00fcnstigen L\u00f6sung suchen und die Handhabung auf ein Minimum reduzieren m\u00f6chten. <\/p>\n<p style=\"font-weight: 400;\">Das Ger\u00e4t ist einfach zu bedienen, wartungsfrei und reduziert das Abwasservolumen bis zum Erhalt eines trockenen R\u00fcckstands, der in einem Beutel verpackt wird. Das Ger\u00e4t wird gebrauchsfertig geliefert und hat einen geringen Stromverbrauch sowie eine hohe Betriebssicherheit. <\/p>\n<p style=\"font-weight: 400;\">Je nach gew\u00fcnschtem Verdunstungsvolumen gibt es verschiedene Ecobang-Modelle wie 400 bis 800L\/Jahr, 600L bis 1200L\/Jahr, 2000L bis 6000L\/Jahr oder 5000L bis 10000L\/Jahr. F\u00fcr gr\u00f6\u00dfere Anlagen mit h\u00f6heren Verdampfungsmengen kann eine Bel\u00fcftung mittels installierter Ausl\u00e4sse direkt an einem Tank angebracht werden. <\/p>\n<p>[\/et_pb_text][\/et_pb_column][\/et_pb_row][et_pb_row column_structure=&#8221;1_3,1_3,1_3&#8243; _builder_version=&#8221;4.27.0&#8243; _module_preset=&#8221;default&#8221; global_colors_info=&#8221;{}&#8221;][et_pb_column type=&#8221;1_3&#8243; _builder_version=&#8221;4.27.0&#8243; _module_preset=&#8221;default&#8221; global_colors_info=&#8221;{}&#8221;][et_pb_image src=&#8221;https:\/\/ccdsa.ch\/wp-content\/uploads\/2024\/10\/Ecobang-1024&#215;768.jpg&#8221; title_text=&#8221;Ecobang&#8221; _builder_version=&#8221;4.27.2&#8243; _module_preset=&#8221;default&#8221; hover_enabled=&#8221;0&#8243; global_colors_info=&#8221;{}&#8221; border_radii=&#8221;on|15px|15px|15px|15px&#8221; sticky_enabled=&#8221;0&#8243;][\/et_pb_image][\/et_pb_column][et_pb_column type=&#8221;1_3&#8243; _builder_version=&#8221;4.27.0&#8243; _module_preset=&#8221;default&#8221; global_colors_info=&#8221;{}&#8221;][et_pb_image src=&#8221;https:\/\/ccdsa.ch\/wp-content\/uploads\/2024\/10\/Ecobang-5-225&#215;300.jpg&#8221; title_text=&#8221;Ecobang 5&#8243; align=&#8221;center&#8221; _builder_version=&#8221;4.27.2&#8243; _module_preset=&#8221;default&#8221; hover_enabled=&#8221;0&#8243; global_colors_info=&#8221;{}&#8221; border_radii=&#8221;on|15px|15px|15px|15px&#8221; sticky_enabled=&#8221;0&#8243;][\/et_pb_image][\/et_pb_column][et_pb_column type=&#8221;1_3&#8243; _builder_version=&#8221;4.27.0&#8243; _module_preset=&#8221;default&#8221; global_colors_info=&#8221;{}&#8221;][et_pb_image src=&#8221;https:\/\/ccdsa.ch\/wp-content\/uploads\/2024\/10\/20240730_100721-1-300&#215;300.jpg&#8221; title_text=&#8221;20240730_100721&#8243; _builder_version=&#8221;4.27.2&#8243; _module_preset=&#8221;default&#8221; hover_enabled=&#8221;0&#8243; global_colors_info=&#8221;{}&#8221; border_radii=&#8221;on|15px|15px|15px|15px&#8221; sticky_enabled=&#8221;0&#8243;][\/et_pb_image][\/et_pb_column][\/et_pb_row][et_pb_row column_structure=&#8221;2_3,1_3&#8243; make_equal=&#8221;on&#8221; module_id=&#8221;brumisation&#8221; _builder_version=&#8221;4.23.1&#8243; _module_preset=&#8221;default&#8221; global_colors_info=&#8221;{}&#8221;][et_pb_column type=&#8221;2_3&#8243; _builder_version=&#8221;4.23.1&#8243; _module_preset=&#8221;default&#8221; custom_css_main_element=&#8221;margin:auto;&#8221; global_colors_info=&#8221;{}&#8221; custom_css_main_element_last_edited=&#8221;on|tablet&#8221; custom_css_main_element_tablet=&#8221;margin-bottom:20px;&#8221; custom_css_main_element_phone=&#8221;margin-bottom:20px;&#8221;][et_pb_text _builder_version=&#8221;4.23.1&#8243; _module_preset=&#8221;default&#8221; header_3_text_color=&#8221;#035E8F&#8221; global_colors_info=&#8221;{}&#8221;]<\/p>\n<h3>Phytobarre<\/h3>\n<p style=\"font-weight: 400;\">PHYTOBARRE besteht aus einem oder mehreren (bis zu 6 pro Serie) \u00fcberdachten, oberirdischen Becken von jeweils 9 m3, in denen die Abw\u00e4sser gesammelt, eingeschlossen und behandelt werden. Diese Becken bestehen aus einer leichten Struktur, die mit einer Folie abgedichtet ist, die nach 10 Jahren ausgetauscht wird. <\/p>\n<p style=\"font-weight: 400;\">Die Behandlung kombiniert gleichzeitig die nat\u00fcrliche Verdunstung durch Sonne und Wind mit der Wirkung von im Labor ausgew\u00e4hlten Bakterien, den Photosynthesebakterien, die die Pflanzenschutzmittel abbauen.<\/p>\n<p style=\"font-weight: 400;\">PHYTOBARRE erm\u00f6glicht die Verwaltung von 9 bis 49 m3 Abwasser mit keinem Abfall, keiner Handhabung und keiner Ausbringung.<\/p>\n<p>[\/et_pb_text][\/et_pb_column][et_pb_column type=&#8221;1_3&#8243; _builder_version=&#8221;4.23.1&#8243; _module_preset=&#8221;default&#8221; custom_css_main_element=&#8221;margin:auto;&#8221; global_colors_info=&#8221;{}&#8221; custom_css_main_element_last_edited=&#8221;on|tablet&#8221; custom_css_main_element_tablet=&#8221;margin-bottom:20px;&#8221; custom_css_main_element_phone=&#8221;margin-bottom:20px;&#8221;][et_pb_image src=&#8221;https:\/\/ccdsa.ch\/wp-content\/uploads\/2024\/10\/IMG_6574-1024&#215;768.jpg&#8221; title_text=&#8221;IMG_6574&#8243; _builder_version=&#8221;4.27.2&#8243; _module_preset=&#8221;default&#8221; hover_enabled=&#8221;0&#8243; global_colors_info=&#8221;{}&#8221; border_radii=&#8221;on|15px|15px|15px|15px&#8221; sticky_enabled=&#8221;0&#8243;][\/et_pb_image][\/et_pb_column][\/et_pb_row][\/et_pb_section][et_pb_section fb_built=&#8221;1&#8243; module_id=&#8221;baches&#8221; _builder_version=&#8221;4.23.1&#8243; _module_preset=&#8221;default&#8221; bottom_divider_color=&#8221;#025E8F&#8221; bottom_divider_height=&#8221;10px&#8221; border_width_top=&#8221;3px&#8221; border_color_top=&#8221;#035E8F&#8221; global_colors_info=&#8221;{}&#8221;][et_pb_row column_structure=&#8221;3_4,1_4&#8243; _builder_version=&#8221;4.23.1&#8243; _module_preset=&#8221;default&#8221; global_colors_info=&#8221;{}&#8221;][et_pb_column type=&#8221;3_4&#8243; _builder_version=&#8221;4.23.1&#8243; _module_preset=&#8221;default&#8221; global_colors_info=&#8221;{}&#8221;][et_pb_text _builder_version=&#8221;4.23.1&#8243; _module_preset=&#8221;default&#8221; global_colors_info=&#8221;{}&#8221;]<\/p>\n<h2>Planen Waschen und F\u00fcllen<br \/> <\/h2>\n<p>[\/et_pb_text][\/et_pb_column][et_pb_column type=&#8221;1_4&#8243; _builder_version=&#8221;4.23.1&#8243; _module_preset=&#8221;default&#8221; global_colors_info=&#8221;{}&#8221;][\/et_pb_column][\/et_pb_row][et_pb_row column_structure=&#8221;3_4,1_4&#8243; _builder_version=&#8221;4.23.1&#8243; _module_preset=&#8221;default&#8221; width=&#8221;67.6%&#8221; global_colors_info=&#8221;{}&#8221;][et_pb_column type=&#8221;3_4&#8243; _builder_version=&#8221;4.23.1&#8243; _module_preset=&#8221;default&#8221; global_colors_info=&#8221;{}&#8221;][et_pb_text _builder_version=&#8221;4.23.1&#8243; _module_preset=&#8221;default&#8221; global_colors_info=&#8221;{}&#8221;]<\/p>\n<p style=\"font-weight: 400;\">Flexible F\u00fcllplanen dienen zum Bef\u00fcllen und Waschen von Spritzger\u00e4ten. Sie werden verwendet, indem man den Waschplatz auf dem Boden ausrollt und die Winkel an den Seiten der Plane an den daf\u00fcr vorgesehenen Stellen anbringt. In Fahrtrichtung auf beiden Seiten der Fl\u00e4che kann mit Schaumstoff abgedichtet werden, ohne dass man von der Maschine absteigen muss. Das in der Plane befindliche Abwasser kann dann \u00fcber eine feste Verbindung abgepumpt oder abgelassen werden.   <\/p>\n<p style=\"font-weight: 400;\">Diese Planen haben viele Vorteile: Sie sind robust, 100% wasserdicht, einfach zu reinigen, leicht zu verstauen, billiger als Beton und haben eine lange Lebensdauer.<\/p>\n<p style=\"font-weight: 400;\">Verschiedene Gr\u00f6\u00dfen, die unterschiedlichen Kapazit\u00e4ten entsprechen, sind im Laden und auf Anfrage erh\u00e4ltlich.<\/p>\n<p>[\/et_pb_text][\/et_pb_column][et_pb_column type=&#8221;1_4&#8243; _builder_version=&#8221;4.23.1&#8243; _module_preset=&#8221;default&#8221; global_colors_info=&#8221;{}&#8221;][et_pb_image src=&#8221;https:\/\/ccdsa.ch\/wp-content\/uploads\/2024\/10\/IMG_8539_v4.jpg&#8221; _builder_version=&#8221;4.27.2&#8243; _module_preset=&#8221;default&#8221; hover_enabled=&#8221;0&#8243; global_colors_info=&#8221;{}&#8221; border_radii=&#8221;on|15px|15px|15px|15px&#8221; sticky_enabled=&#8221;0&#8243;][\/et_pb_image][\/et_pb_column][\/et_pb_row][\/et_pb_section][et_pb_section fb_built=&#8221;1&#8243; module_id=&#8221;grele&#8221; _builder_version=&#8221;4.23.1&#8243; _module_preset=&#8221;default&#8221; bottom_divider_color=&#8221;#025E8F&#8221; bottom_divider_height=&#8221;10px&#8221; border_width_top=&#8221;3px&#8221; border_color_top=&#8221;#035E8F&#8221; global_colors_info=&#8221;{}&#8221;][et_pb_row _builder_version=&#8221;4.23.1&#8243; _module_preset=&#8221;default&#8221; global_colors_info=&#8221;{}&#8221;][et_pb_column type=&#8221;4_4&#8243; _builder_version=&#8221;4.23.1&#8243; _module_preset=&#8221;default&#8221; global_colors_info=&#8221;{}&#8221;][et_pb_text module_id=&#8221;stations-collectives&#8221; _builder_version=&#8221;4.23.1&#8243; _module_preset=&#8221;default&#8221; global_colors_info=&#8221;{}&#8221;]<\/p>\n<h2>Kollektive Stationen<\/h2>\n<p>[\/et_pb_text][\/et_pb_column][\/et_pb_row][et_pb_row _builder_version=&#8221;4.23.1&#8243; _module_preset=&#8221;default&#8221; global_colors_info=&#8221;{}&#8221;][et_pb_column type=&#8221;4_4&#8243; _builder_version=&#8221;4.23.1&#8243; _module_preset=&#8221;default&#8221; global_colors_info=&#8221;{}&#8221;][et_pb_text _builder_version=&#8221;4.23.1&#8243; _module_preset=&#8221;default&#8221; global_colors_info=&#8221;{}&#8221;]<\/p>\n<p style=\"font-weight: 400;\">Gemeinschaftsstationen behandeln das Pflanzenschutzmittelabwasser von Gruppen von Landwirten. Besteht aus 2 Pl\u00e4tzen zum Bef\u00fcllen von Spritzger\u00e4ten und einem Platz zum Waschen von Maschinen. Jeder Nutzer besitzt eine Magnetkarte f\u00fcr das Bef\u00fcllen und die Nutzung der Waschanlage. Eine Jahresabrechnung kann auf der Grundlage des Wasserverbrauchs in Rechnung gestellt werden. Sie ist mit einem geschlossenen Biobed-Verdampfungssystem oder Phytobar gekoppelt. Das Funktionsprinzip ist die Verdunstung von Wasser und der Abbau von Pflanzenschutzmittelabw\u00e4ssern durch Bodenmikroorganismen. Die gesammelten fl\u00fcssigen Abw\u00e4sser werden auf ein Substrat aus Erde und Stroh oder direkt in Teiche ausgebracht.      <\/p>\n<p style=\"font-weight: 400;\">Betriebstechnik durch biologischen Abbau: Nachdem das Abwasser in einem Puffertank gesammelt wurde, wird es auf der Oberfl\u00e4che eines biologischen Bettes aus Erde, Kompost und geh\u00e4ckseltem Stroh ausgebracht. Der Abbau der synthetischen Molek\u00fcle erfolgt durch die Aktivit\u00e4t von Bakterien und Pilzen, die nat\u00fcrlicherweise in der Erde des Substrats vorkommen. <\/p>\n<p style=\"font-weight: 400;\">Um eine optimale biologische Aktivit\u00e4t des Substrats zu gew\u00e4hrleisten, muss der Rhythmus des Ausbringens sorgf\u00e4ltig kontrolliert werden. Eine Vorrichtung aus Tensiometersonden, die einer Bew\u00e4sserungssteuerung zugeordnet sind, erm\u00f6glicht die Aufrechterhaltung eines gleichm\u00e4\u00dfigen Feuchtigkeitsgehalts. <\/p>\n<p style=\"font-weight: 400;\">Der wesentliche Vorteil dieses Verfahrens ist, dass keine sekund\u00e4ren Abw\u00e4sser entstehen. Das Biobed CCD ist so ausgelegt, dass es nur verd\u00fcnnte Abw\u00e4sser aufnehmen kann. <\/p>\n<p style=\"font-weight: 400;\">Die Effizienz dieser Technologie f\u00fchrt zu einer drastischen Reduzierung von Schadstoffen. Analysen von Wasser, das auf Substratebene gesammelt wurde, zeigen R\u00fcckstandsreduktionen von 92% bis 99%. <\/p>\n<p style=\"font-weight: 400;\">Schl\u00fcsselfertige Vorrichtung, die die R\u00fcckhaltung und den biologischen Abbau von Abw\u00e4ssern (auf mikrobiellem Weg) erm\u00f6glicht, ohne Restschlamm oder Industrieabf\u00e4lle zu erzeugen.<\/p>\n<p style=\"font-weight: 400;\">Die Verwendung von CCD-Biobacs tr\u00e4gt zur Erhaltung der Wasserqualit\u00e4t bei.<\/p>\n<p>[\/et_pb_text][\/et_pb_column][\/et_pb_row][et_pb_row _builder_version=&#8221;4.27.0&#8243; _module_preset=&#8221;default&#8221; global_colors_info=&#8221;{}&#8221;][et_pb_column type=&#8221;4_4&#8243; _builder_version=&#8221;4.27.0&#8243; _module_preset=&#8221;default&#8221; global_colors_info=&#8221;{}&#8221;][et_pb_image src=&#8221;https:\/\/ccdsa.ch\/wp-content\/uploads\/2024\/10\/ribeauvilliers-2-1.png&#8221; _builder_version=&#8221;4.27.2&#8243; _module_preset=&#8221;default&#8221; hover_enabled=&#8221;0&#8243; global_colors_info=&#8221;{}&#8221; border_radii=&#8221;on|15px|15px|15px|15px&#8221; sticky_enabled=&#8221;0&#8243;][\/et_pb_image][\/et_pb_column][\/et_pb_row][\/et_pb_section]<\/p>\n","protected":false},"excerpt":{"rendered":"<p>WaschplatzBehandlung von Abw\u00e4ssernBiobed Nach einer Pflanzenschutzma\u00dfnahme fallen 120 bis 150 l verschmutztes Wasser aus dem Waschen der Spritzger\u00e4te (Traktor und Spritze) an. Je nach Gr\u00f6\u00dfe des Betriebs kann dies zu einem Abwasseraufkommen von 1000 bis 3000 l pro Saison f\u00fchren. Diese Abw\u00e4sser werden als Sonderm\u00fcll betrachtet und d\u00fcrfen nicht in das Abwassersystem eingeleitet werden, sondern [&hellip;]<\/p>\n","protected":false},"author":2,"featured_media":0,"parent":0,"menu_order":0,"comment_status":"closed","ping_status":"closed","template":"","meta":{"_et_pb_use_builder":"on","_et_pb_old_content":"","_et_gb_content_width":"","footnotes":""},"class_list":["post-829","page","type-page","status-publish","hentry"],"yoast_head":"<!-- This site is optimized with the Yoast SEO plugin v27.5 - https:\/\/yoast.com\/product\/yoast-seo-wordpress\/ -->\n<title>Waschplatz - CCD SA<\/title>\n<meta name=\"robots\" content=\"index, follow, max-snippet:-1, max-image-preview:large, max-video-preview:-1\" \/>\n<link rel=\"canonical\" href=\"https:\/\/ccdsa.ch\/de\/waschplatz\/\" \/>\n<meta property=\"og:locale\" content=\"de_DE\" \/>\n<meta property=\"og:type\" content=\"article\" \/>\n<meta property=\"og:title\" content=\"Waschplatz - CCD SA\" \/>\n<meta property=\"og:description\" content=\"WaschplatzBehandlung von Abw\u00e4ssernBiobed Nach einer Pflanzenschutzma\u00dfnahme fallen 120 bis 150 l verschmutztes Wasser aus dem Waschen der Spritzger\u00e4te (Traktor und Spritze) an. Je nach Gr\u00f6\u00dfe des Betriebs kann dies zu einem Abwasseraufkommen von 1000 bis 3000 l pro Saison f\u00fchren. Diese Abw\u00e4sser werden als Sonderm\u00fcll betrachtet und d\u00fcrfen nicht in das Abwassersystem eingeleitet werden, sondern [&hellip;]\" \/>\n<meta property=\"og:url\" content=\"https:\/\/ccdsa.ch\/de\/waschplatz\/\" \/>\n<meta property=\"og:site_name\" content=\"CCD SA\" \/>\n<meta property=\"article:modified_time\" content=\"2024-11-15T13:09:08+00:00\" \/>\n<meta property=\"og:image\" content=\"https:\/\/ccdsa.ch\/wp-content\/uploads\/2024\/11\/logo-ccdsa.png\" \/>\n\t<meta property=\"og:image:width\" content=\"1200\" \/>\n\t<meta property=\"og:image:height\" content=\"675\" \/>\n\t<meta property=\"og:image:type\" content=\"image\/png\" \/>\n<meta name=\"twitter:card\" content=\"summary_large_image\" \/>\n<meta name=\"twitter:label1\" content=\"Gesch\u00e4tzte Lesezeit\" \/>\n\t<meta name=\"twitter:data1\" content=\"9\u00a0Minuten\" \/>\n<script type=\"application\/ld+json\" class=\"yoast-schema-graph\">{\"@context\":\"https:\\\/\\\/schema.org\",\"@graph\":[{\"@type\":\"WebPage\",\"@id\":\"https:\\\/\\\/ccdsa.ch\\\/de\\\/waschplatz\\\/\",\"url\":\"https:\\\/\\\/ccdsa.ch\\\/de\\\/waschplatz\\\/\",\"name\":\"Waschplatz - CCD SA\",\"isPartOf\":{\"@id\":\"https:\\\/\\\/ccdsa.ch\\\/de\\\/#website\"},\"datePublished\":\"2024-01-12T09:34:10+00:00\",\"dateModified\":\"2024-11-15T13:09:08+00:00\",\"breadcrumb\":{\"@id\":\"https:\\\/\\\/ccdsa.ch\\\/de\\\/waschplatz\\\/#breadcrumb\"},\"inLanguage\":\"de\",\"potentialAction\":[{\"@type\":\"ReadAction\",\"target\":[\"https:\\\/\\\/ccdsa.ch\\\/de\\\/waschplatz\\\/\"]}]},{\"@type\":\"BreadcrumbList\",\"@id\":\"https:\\\/\\\/ccdsa.ch\\\/de\\\/waschplatz\\\/#breadcrumb\",\"itemListElement\":[{\"@type\":\"ListItem\",\"position\":1,\"name\":\"Accueil\",\"item\":\"https:\\\/\\\/ccdsa.ch\\\/de\\\/\"},{\"@type\":\"ListItem\",\"position\":2,\"name\":\"Waschplatz\"}]},{\"@type\":\"WebSite\",\"@id\":\"https:\\\/\\\/ccdsa.ch\\\/de\\\/#website\",\"url\":\"https:\\\/\\\/ccdsa.ch\\\/de\\\/\",\"name\":\"CCD SA\",\"description\":\"\",\"publisher\":{\"@id\":\"https:\\\/\\\/ccdsa.ch\\\/de\\\/#organization\"},\"potentialAction\":[{\"@type\":\"SearchAction\",\"target\":{\"@type\":\"EntryPoint\",\"urlTemplate\":\"https:\\\/\\\/ccdsa.ch\\\/de\\\/?s={search_term_string}\"},\"query-input\":{\"@type\":\"PropertyValueSpecification\",\"valueRequired\":true,\"valueName\":\"search_term_string\"}}],\"inLanguage\":\"de\"},{\"@type\":\"Organization\",\"@id\":\"https:\\\/\\\/ccdsa.ch\\\/de\\\/#organization\",\"name\":\"CCD SA\",\"url\":\"https:\\\/\\\/ccdsa.ch\\\/de\\\/\",\"logo\":{\"@type\":\"ImageObject\",\"inLanguage\":\"de\",\"@id\":\"https:\\\/\\\/ccdsa.ch\\\/de\\\/#\\\/schema\\\/logo\\\/image\\\/\",\"url\":\"https:\\\/\\\/ccdsa.ch\\\/wp-content\\\/uploads\\\/2024\\\/11\\\/logo-ccdsa.png\",\"contentUrl\":\"https:\\\/\\\/ccdsa.ch\\\/wp-content\\\/uploads\\\/2024\\\/11\\\/logo-ccdsa.png\",\"width\":1200,\"height\":675,\"caption\":\"CCD SA\"},\"image\":{\"@id\":\"https:\\\/\\\/ccdsa.ch\\\/de\\\/#\\\/schema\\\/logo\\\/image\\\/\"}}]}<\/script>\n<!-- \/ Yoast SEO plugin. -->","yoast_head_json":{"title":"Waschplatz - CCD SA","robots":{"index":"index","follow":"follow","max-snippet":"max-snippet:-1","max-image-preview":"max-image-preview:large","max-video-preview":"max-video-preview:-1"},"canonical":"https:\/\/ccdsa.ch\/de\/waschplatz\/","og_locale":"de_DE","og_type":"article","og_title":"Waschplatz - CCD SA","og_description":"WaschplatzBehandlung von Abw\u00e4ssernBiobed Nach einer Pflanzenschutzma\u00dfnahme fallen 120 bis 150 l verschmutztes Wasser aus dem Waschen der Spritzger\u00e4te (Traktor und Spritze) an. Je nach Gr\u00f6\u00dfe des Betriebs kann dies zu einem Abwasseraufkommen von 1000 bis 3000 l pro Saison f\u00fchren. Diese Abw\u00e4sser werden als Sonderm\u00fcll betrachtet und d\u00fcrfen nicht in das Abwassersystem eingeleitet werden, sondern [&hellip;]","og_url":"https:\/\/ccdsa.ch\/de\/waschplatz\/","og_site_name":"CCD SA","article_modified_time":"2024-11-15T13:09:08+00:00","og_image":[{"width":1200,"height":675,"url":"https:\/\/ccdsa.ch\/wp-content\/uploads\/2024\/11\/logo-ccdsa.png","type":"image\/png"}],"twitter_card":"summary_large_image","twitter_misc":{"Gesch\u00e4tzte Lesezeit":"9\u00a0Minuten"},"schema":{"@context":"https:\/\/schema.org","@graph":[{"@type":"WebPage","@id":"https:\/\/ccdsa.ch\/de\/waschplatz\/","url":"https:\/\/ccdsa.ch\/de\/waschplatz\/","name":"Waschplatz - CCD SA","isPartOf":{"@id":"https:\/\/ccdsa.ch\/de\/#website"},"datePublished":"2024-01-12T09:34:10+00:00","dateModified":"2024-11-15T13:09:08+00:00","breadcrumb":{"@id":"https:\/\/ccdsa.ch\/de\/waschplatz\/#breadcrumb"},"inLanguage":"de","potentialAction":[{"@type":"ReadAction","target":["https:\/\/ccdsa.ch\/de\/waschplatz\/"]}]},{"@type":"BreadcrumbList","@id":"https:\/\/ccdsa.ch\/de\/waschplatz\/#breadcrumb","itemListElement":[{"@type":"ListItem","position":1,"name":"Accueil","item":"https:\/\/ccdsa.ch\/de\/"},{"@type":"ListItem","position":2,"name":"Waschplatz"}]},{"@type":"WebSite","@id":"https:\/\/ccdsa.ch\/de\/#website","url":"https:\/\/ccdsa.ch\/de\/","name":"CCD SA","description":"","publisher":{"@id":"https:\/\/ccdsa.ch\/de\/#organization"},"potentialAction":[{"@type":"SearchAction","target":{"@type":"EntryPoint","urlTemplate":"https:\/\/ccdsa.ch\/de\/?s={search_term_string}"},"query-input":{"@type":"PropertyValueSpecification","valueRequired":true,"valueName":"search_term_string"}}],"inLanguage":"de"},{"@type":"Organization","@id":"https:\/\/ccdsa.ch\/de\/#organization","name":"CCD SA","url":"https:\/\/ccdsa.ch\/de\/","logo":{"@type":"ImageObject","inLanguage":"de","@id":"https:\/\/ccdsa.ch\/de\/#\/schema\/logo\/image\/","url":"https:\/\/ccdsa.ch\/wp-content\/uploads\/2024\/11\/logo-ccdsa.png","contentUrl":"https:\/\/ccdsa.ch\/wp-content\/uploads\/2024\/11\/logo-ccdsa.png","width":1200,"height":675,"caption":"CCD SA"},"image":{"@id":"https:\/\/ccdsa.ch\/de\/#\/schema\/logo\/image\/"}}]}},"_links":{"self":[{"href":"https:\/\/ccdsa.ch\/de\/wp-json\/wp\/v2\/pages\/829","targetHints":{"allow":["GET"]}}],"collection":[{"href":"https:\/\/ccdsa.ch\/de\/wp-json\/wp\/v2\/pages"}],"about":[{"href":"https:\/\/ccdsa.ch\/de\/wp-json\/wp\/v2\/types\/page"}],"author":[{"embeddable":true,"href":"https:\/\/ccdsa.ch\/de\/wp-json\/wp\/v2\/users\/2"}],"replies":[{"embeddable":true,"href":"https:\/\/ccdsa.ch\/de\/wp-json\/wp\/v2\/comments?post=829"}],"version-history":[{"count":5,"href":"https:\/\/ccdsa.ch\/de\/wp-json\/wp\/v2\/pages\/829\/revisions"}],"predecessor-version":[{"id":974,"href":"https:\/\/ccdsa.ch\/de\/wp-json\/wp\/v2\/pages\/829\/revisions\/974"}],"wp:attachment":[{"href":"https:\/\/ccdsa.ch\/de\/wp-json\/wp\/v2\/media?parent=829"}],"curies":[{"name":"wp","href":"https:\/\/api.w.org\/{rel}","templated":true}]}}